{"id":298,"date":"2023-05-01T15:01:07","date_gmt":"2023-05-01T13:01:07","guid":{"rendered":"https:\/\/sarabenavente.com\/?page_id=298"},"modified":"2026-02-26T12:08:48","modified_gmt":"2026-02-26T11:08:48","slug":"jewelry-valuations-and-appraisals-madrid","status":"publish","type":"page","link":"https:\/\/sarabenavente.com\/en\/valoraciones-y-tasaciones-de-joyas-madrid\/","title":{"rendered":"Valuations and appraisals"},"content":{"rendered":"<div data-elementor-type=\"wp-page\" data-elementor-id=\"298\" class=\"elementor elementor-298\" data-elementor-post-type=\"page\">\n\t\t\t\t<div class=\"elementor-element elementor-element-16e3a98 e-con-m e-flex e-con-boxed e-con e-parent\" data-id=\"16e3a98\" data-element_type=\"container\" data-e-type=\"container\" data-settings=\"{&quot;background_background&quot;:&quot;classic&quot;}\">\n\t\t\t\t\t<div class=\"e-con-inner\">\n\t\t<div class=\"elementor-element elementor-element-4d2e57c e-flex e-con-boxed e-con e-child\" data-id=\"4d2e57c\" data-element_type=\"container\" data-e-type=\"container\">\n\t\t\t\t\t<div class=\"e-con-inner\">\n\t\t\t\t<div class=\"elementor-element elementor-element-5759592 elementor-widget__width-initial elementor-widget-laptop__width-initial elementor-widget-mobile__width-inherit elementor-widget elementor-widget-heading\" data-id=\"5759592\" data-element_type=\"widget\" data-e-type=\"widget\" data-widget_type=\"heading.default\">\n\t\t\t\t\t<h1 class=\"elementor-heading-title elementor-size-default\">Jewelry Appraisal in Madrid<\/h1>\t\t\t\t<\/div>\n\t\t\t\t<div class=\"elementor-element elementor-element-09f31a2 elementor-widget__width-initial elementor-widget-laptop__width-initial elementor-widget-mobile__width-inherit elementor-widget elementor-widget-text-editor\" data-id=\"09f31a2\" data-element_type=\"widget\" data-e-type=\"widget\" data-widget_type=\"text-editor.default\">\n\t\t\t\t\t\t\t\t\tWe have a wide network of experts in jewelry valuation and appraisal.\t\t\t\t\t\t\t\t<\/div>\n\t\t\t\t<div class=\"elementor-element elementor-element-d8aa8b0 button-minimal__hover elementor-widget elementor-widget-button\" data-id=\"d8aa8b0\" data-element_type=\"widget\" data-e-type=\"widget\" data-widget_type=\"button.default\">\n\t\t\t\t\t\t\t\t\t\t<a class=\"elementor-button elementor-button-link elementor-size-sm\" href=\"https:\/\/sarabenavente.com\/en\/contact\/\">\n\t\t\t\t\t\t<span class=\"elementor-button-content-wrapper\">\n\t\t\t\t\t\t\t\t\t<span class=\"elementor-button-text\">MAKE AN INQUIRY<\/span>\n\t\t\t\t\t<\/span>\n\t\t\t\t\t<\/a>\n\t\t\t\t\t\t\t\t<\/div>\n\t\t\t\t\t<\/div>\n\t\t\t\t<\/div>\n\t\t\t\t\t<\/div>\n\t\t\t\t<\/div>\n\t\t<div class=\"elementor-element elementor-element-f6dc1be e-con-m e-flex e-con-boxed e-con e-parent\" data-id=\"f6dc1be\" data-element_type=\"container\" data-e-type=\"container\">\n\t\t\t\t\t<div class=\"e-con-inner\">\n\t\t<div class=\"elementor-element elementor-element-e9af318 e-con-full e-flex e-con e-child\" data-id=\"e9af318\" data-element_type=\"container\" data-e-type=\"container\">\n\t\t\t\t<div class=\"elementor-element elementor-element-1411961 elementor-widget__width-initial elementor-widget-mobile__width-inherit elementor-widget elementor-widget-heading\" data-id=\"1411961\" data-element_type=\"widget\" data-e-type=\"widget\" data-widget_type=\"heading.default\">\n\t\t\t\t\t<h2 class=\"elementor-heading-title elementor-size-default\">Jewelry appraisal and cataloging<\/h2>\t\t\t\t<\/div>\n\t\t\t\t<div class=\"elementor-element elementor-element-438c28d elementor-widget__width-initial elementor-widget-mobile__width-inherit elementor-widget elementor-widget-text-editor\" data-id=\"438c28d\" data-element_type=\"widget\" data-e-type=\"widget\" data-widget_type=\"text-editor.default\">\n\t\t\t\t\t\t\t\t\t<p>We analyze the jewelry to determine its technical, gemological, and historical characteristics.<\/p><p>At Sara Benavente we carried out a thorough data collection of the <a href=\"https:\/\/sarabenavente.com\/en\/personalized-and-autobiographical-jewelry\/\" target=\"_blank\" rel=\"noopener\">jewelry<\/a>, The gems are appraised and measured, color and purity grades are established for diamonds, their weight in grams is recorded, along with the type of piece, the material it is made of, its age if applicable, settings, construction methods, closure systems, lengths, etc. After an analysis of the pieces in question, a document is issued that includes a detailed description of the pieces, an identifying photograph, and an individualized economic valuation in the second-hand market.<\/p>\t\t\t\t\t\t\t\t<\/div>\n\t\t\t\t<\/div>\n\t\t\t\t\t<\/div>\n\t\t\t\t<\/div>\n\t\t<div class=\"elementor-element elementor-element-4d5727a e-con-full e-flex e-con e-parent\" data-id=\"4d5727a\" data-element_type=\"container\" data-e-type=\"container\">\n\t\t<div class=\"elementor-element elementor-element-585ead9 e-con-full e-flex e-con e-child\" data-id=\"585ead9\" data-element_type=\"container\" data-e-type=\"container\">\n\t\t\t\t<div class=\"elementor-element elementor-element-341fbe4 elementor-widget elementor-widget-image\" data-id=\"341fbe4\" data-element_type=\"widget\" data-e-type=\"widget\" data-widget_type=\"image.default\">\n\t\t\t\t\t\t\t\t\t\t\t\t\t\t\t<img fetchpriority=\"high\" decoding=\"async\" width=\"2560\" height=\"1829\" src=\"https:\/\/sarabenavente.com\/wp-content\/uploads\/SBAJ_Bodegon-Appraissals-scaled.jpg\" class=\"attachment-full size-full wp-image-3297\" alt=\"\" srcset=\"https:\/\/sarabenavente.com\/wp-content\/uploads\/SBAJ_Bodegon-Appraissals-scaled.jpg 2560w, https:\/\/sarabenavente.com\/wp-content\/uploads\/SBAJ_Bodegon-Appraissals-scaled-300x214.jpg 300w, https:\/\/sarabenavente.com\/wp-content\/uploads\/SBAJ_Bodegon-Appraissals-scaled-1600x1143.jpg 1600w, https:\/\/sarabenavente.com\/wp-content\/uploads\/SBAJ_Bodegon-Appraissals-1024x731.jpg 1024w, https:\/\/sarabenavente.com\/wp-content\/uploads\/SBAJ_Bodegon-Appraissals-1512x1080.jpg 1512w, https:\/\/sarabenavente.com\/wp-content\/uploads\/SBAJ_Bodegon-Appraissals-768x549.jpg 768w, https:\/\/sarabenavente.com\/wp-content\/uploads\/SBAJ_Bodegon-Appraissals-1536x1097.jpg 1536w, https:\/\/sarabenavente.com\/wp-content\/uploads\/SBAJ_Bodegon-Appraissals-2048x1463.jpg 2048w\" sizes=\"(max-width: 2560px) 100vw, 2560px\" title=\"\">\t\t\t\t\t\t\t\t\t\t\t\t\t\t\t<\/div>\n\t\t\t\t<\/div>\n\t\t<div class=\"elementor-element elementor-element-2a90d88 e-con-full e-flex e-con e-child\" data-id=\"2a90d88\" data-element_type=\"container\" data-e-type=\"container\">\n\t\t\t\t<div class=\"elementor-element elementor-element-3f73a8b elementor-widget elementor-widget-image\" data-id=\"3f73a8b\" data-element_type=\"widget\" data-e-type=\"widget\" data-widget_type=\"image.default\">\n\t\t\t\t\t\t\t\t\t\t\t\t\t\t\t<img decoding=\"async\" width=\"2560\" height=\"1707\" src=\"https:\/\/sarabenavente.com\/wp-content\/uploads\/SBAJ_TASACIONES-GAMUZA-copia-scaled.jpg\" class=\"attachment-full size-full wp-image-3307\" alt=\"\" srcset=\"https:\/\/sarabenavente.com\/wp-content\/uploads\/SBAJ_TASACIONES-GAMUZA-copia-scaled.jpg 2560w, https:\/\/sarabenavente.com\/wp-content\/uploads\/SBAJ_TASACIONES-GAMUZA-copia-scaled-300x200.jpg 300w, https:\/\/sarabenavente.com\/wp-content\/uploads\/SBAJ_TASACIONES-GAMUZA-copia-scaled-1600x1067.jpg 1600w, https:\/\/sarabenavente.com\/wp-content\/uploads\/SBAJ_TASACIONES-GAMUZA-copia-1024x683.jpg 1024w, https:\/\/sarabenavente.com\/wp-content\/uploads\/SBAJ_TASACIONES-GAMUZA-copia-1620x1080.jpg 1620w, https:\/\/sarabenavente.com\/wp-content\/uploads\/SBAJ_TASACIONES-GAMUZA-copia-768x512.jpg 768w, https:\/\/sarabenavente.com\/wp-content\/uploads\/SBAJ_TASACIONES-GAMUZA-copia-1536x1024.jpg 1536w, https:\/\/sarabenavente.com\/wp-content\/uploads\/SBAJ_TASACIONES-GAMUZA-copia-2048x1365.jpg 2048w\" sizes=\"(max-width: 2560px) 100vw, 2560px\" title=\"\">\t\t\t\t\t\t\t\t\t\t\t\t\t\t\t<\/div>\n\t\t\t\t<\/div>\n\t\t\t\t<\/div>\n\t\t<div class=\"elementor-element elementor-element-f0c03b0 e-con-m e-flex e-con-boxed e-con e-parent\" data-id=\"f0c03b0\" data-element_type=\"container\" data-e-type=\"container\">\n\t\t\t\t\t<div class=\"e-con-inner\">\n\t\t<div class=\"elementor-element elementor-element-f158019 e-con-full e-flex e-con e-child\" data-id=\"f158019\" data-element_type=\"container\" data-e-type=\"container\">\n\t\t\t\t<div class=\"elementor-element elementor-element-3225d26 elementor-widget-mobile__width-inherit elementor-widget elementor-widget-heading\" data-id=\"3225d26\" data-element_type=\"widget\" data-e-type=\"widget\" data-widget_type=\"heading.default\">\n\t\t\t\t\t<h2 class=\"elementor-heading-title elementor-size-default\">Jewelry appraisal in Madrid: \n<p>A very useful document for inheritances and insurance<\/h2>\t\t\t\t<\/div>\n\t\t\t\t<div class=\"elementor-element elementor-element-82d89c8 elementor-widget-mobile__width-inherit elementor-widget elementor-widget-text-editor\" data-id=\"82d89c8\" data-element_type=\"widget\" data-e-type=\"widget\" data-widget_type=\"text-editor.default\">\n\t\t\t\t\t\t\t\t\t<p>Jewelry appraisal is a type of document that is often useful for<b> inheritance distributions<\/b>, home insurance and for the purpose of inventorying assets. This is especially relevant for those considering the <b>sale of inherited jewelry<\/b>.<\/p>\t\t\t\t\t\t\t\t<\/div>\n\t\t\t\t<\/div>\n\t\t<div class=\"elementor-element elementor-element-0586ed6 e-con-full e-flex e-con e-child\" data-id=\"0586ed6\" data-element_type=\"container\" data-e-type=\"container\">\n\t\t\t\t<div class=\"elementor-element elementor-element-06c2ab0 elementor-hidden-mobile elementor-widget elementor-widget-image\" data-id=\"06c2ab0\" data-element_type=\"widget\" data-e-type=\"widget\" data-widget_type=\"image.default\">\n\t\t\t\t\t\t\t\t\t\t\t\t\t\t\t<img decoding=\"async\" width=\"388\" height=\"387\" src=\"https:\/\/sarabenavente.com\/wp-content\/uploads\/sello-certificado-sara-benavente.svg\" class=\"attachment-full size-full wp-image-581\" alt=\"\" srcset=\"https:\/\/sarabenavente.com\/wp-content\/uploads\/sello-certificado-sara-benavente.svg 388w, https:\/\/sarabenavente.com\/wp-content\/uploads\/elementor\/thumbs\/sello-certificado-sara-benavente.svg 200w, https:\/\/sarabenavente.com\/wp-content\/uploads\/elementor\/thumbs\/sello-certificado-sara-benavente.svg 100w, https:\/\/sarabenavente.com\/wp-content\/uploads\/elementor\/thumbs\/sello-certificado-sara-benavente.svg 50w\" sizes=\"(max-width: 388px) 100vw, 388px\" title=\"\">\t\t\t\t\t\t\t\t\t\t\t\t\t\t\t<\/div>\n\t\t\t\t<\/div>\n\t\t\t\t\t<\/div>\n\t\t\t\t<\/div>\n\t\t<div class=\"elementor-element elementor-element-5af53d1 e-flex e-con-boxed e-con e-parent\" data-id=\"5af53d1\" data-element_type=\"container\" data-e-type=\"container\" data-settings=\"{&quot;background_background&quot;:&quot;classic&quot;}\">\n\t\t\t\t\t<div class=\"e-con-inner\">\n\t\t<div class=\"elementor-element elementor-element-8763810 e-con-full e-flex e-con e-child\" data-id=\"8763810\" data-element_type=\"container\" data-e-type=\"container\">\n\t\t\t\t<div class=\"elementor-element elementor-element-aaca699 elementor-widget elementor-widget-image\" data-id=\"aaca699\" data-element_type=\"widget\" data-e-type=\"widget\" data-widget_type=\"image.default\">\n\t\t\t\t\t\t\t\t\t\t\t\t\t\t\t<img decoding=\"async\" src=\"https:\/\/sarabenavente.com\/wp-content\/uploads\/SBAJ_Greek-coin-pendant-copia.png\" title=\"SBAJ_Greek coin pendant copy\" alt=\"SBAJ_Greek coin pendant copy\" loading=\"lazy\" \/>\t\t\t\t\t\t\t\t\t\t\t\t\t\t\t<\/div>\n\t\t\t\t<\/div>\n\t\t<div class=\"elementor-element elementor-element-b9f0a23 e-con-full e-flex e-con e-child\" data-id=\"b9f0a23\" data-element_type=\"container\" data-e-type=\"container\">\n\t\t\t\t<div class=\"elementor-element elementor-element-5285bb45 elementor-widget elementor-widget-heading\" data-id=\"5285bb45\" data-element_type=\"widget\" data-e-type=\"widget\" data-widget_type=\"heading.default\">\n\t\t\t\t\t<h2 class=\"elementor-heading-title elementor-size-default\">Detailed valuation of jewelry and watches:\n<p>Accuracy and Historical Context<\/h2>\t\t\t\t<\/div>\n\t\t\t\t<div class=\"elementor-element elementor-element-2925e9ba elementor-widget__width-initial elementor-widget-mobile__width-inherit elementor-widget elementor-widget-text-editor\" data-id=\"2925e9ba\" data-element_type=\"widget\" data-e-type=\"widget\" data-widget_type=\"text-editor.default\">\n\t\t\t\t\t\t\t\t\t<p>The valuation of jewelry includes the appraisal and also details in a very thorough way the typology of the piece, the materials that compose it, the era to which it belongs, with an in-depth study in relation to the sociocultural context of that time.<\/p><p>In the case of watches: movement type, dial characteristics, hands, and an analysis of the watchmaker. Numismatic pieces include the face value, mint, and assayer, as well as a description of the elements present in the coinage. These descriptions provide the client with comprehensive knowledge of the piece, an understanding of each of its elements, and a delight for all the senses. Visit our <a href=\"https:\/\/sarabenavente.com\/en\/atelier\/\">jewelry workshop in Madrid<\/a> for more details.<\/p>\t\t\t\t\t\t\t\t<\/div>\n\t\t\t\t<\/div>\n\t\t\t\t\t<\/div>\n\t\t\t\t<\/div>\n\t\t<div class=\"elementor-element elementor-element-ca402be e-flex e-con-boxed e-con e-parent\" data-id=\"ca402be\" data-element_type=\"container\" data-e-type=\"container\" data-settings=\"{&quot;background_background&quot;:&quot;classic&quot;}\">\n\t\t\t\t\t<div class=\"e-con-inner\">\n\t\t\t\t<div class=\"elementor-element elementor-element-50dcace elementor-widget elementor-widget-heading\" data-id=\"50dcace\" data-element_type=\"widget\" data-e-type=\"widget\" data-widget_type=\"heading.default\">\n\t\t\t\t\t<h2 class=\"elementor-heading-title elementor-size-default\">Restoration of antique jewelry<\/h2>\t\t\t\t<\/div>\n\t\t\t\t<div class=\"elementor-element elementor-element-6c8f99e elementor-widget__width-initial elementor-widget-mobile__width-inherit elementor-widget-laptop__width-initial elementor-widget-tablet__width-initial elementor-widget elementor-widget-text-editor\" data-id=\"6c8f99e\" data-element_type=\"widget\" data-e-type=\"widget\" data-widget_type=\"text-editor.default\">\n\t\t\t\t\t\t\t\t\t<p>We reinterpret antique or inherited jewelry, giving it a new life. We take those treasures that were once precious family heirlooms and give them a truly practical use today, while preserving their sentimental value.<\/p><p>We firmly believe that this type of jewelry requires a different approach than today&#039;s due to the nature of the materials and techniques of bygone eras. Therefore, in our Atelier, we entrust these designs to experts in antique jewelry restoration. Showcase the history of your inherited jewelry through a design of great beauty.<\/p>\t\t\t\t\t\t\t\t<\/div>\n\t\t\t\t\t<\/div>\n\t\t\t\t<\/div>\n\t\t<div class=\"elementor-element elementor-element-1ab54681 e-con-full e-flex e-con e-parent\" data-id=\"1ab54681\" data-element_type=\"container\" data-e-type=\"container\" data-settings=\"{&quot;background_background&quot;:&quot;classic&quot;}\">\n\t\t<div class=\"elementor-element elementor-element-29b89791 e-con-full e-flex e-con e-child\" data-id=\"29b89791\" data-element_type=\"container\" data-e-type=\"container\">\n\t\t\t\t<div class=\"elementor-element elementor-element-94c2051 elementor-widget elementor-widget-image\" data-id=\"94c2051\" data-element_type=\"widget\" data-e-type=\"widget\" data-widget_type=\"image.default\">\n\t\t\t\t\t\t\t\t\t\t\t\t\t\t\t<img loading=\"lazy\" decoding=\"async\" width=\"800\" height=\"598\" src=\"https:\/\/sarabenavente.com\/wp-content\/uploads\/basilica-venecia-sara-benavente.png\" class=\"attachment-large size-large wp-image-615\" alt=\"\" srcset=\"https:\/\/sarabenavente.com\/wp-content\/uploads\/basilica-venecia-sara-benavente.png 1310w, https:\/\/sarabenavente.com\/wp-content\/uploads\/basilica-venecia-sara-benavente-1024x766.png 1024w, https:\/\/sarabenavente.com\/wp-content\/uploads\/basilica-venecia-sara-benavente-768x575.png 768w\" sizes=\"(max-width: 800px) 100vw, 800px\" title=\"\">\t\t\t\t\t\t\t\t\t\t\t\t\t\t\t<\/div>\n\t\t\t\t<div class=\"elementor-element elementor-element-13f4cffa elementor-absolute elementor-widget-mobile__width-initial elementor-widget elementor-widget-image\" data-id=\"13f4cffa\" data-element_type=\"widget\" data-e-type=\"widget\" data-settings=\"{&quot;_position&quot;:&quot;absolute&quot;}\" data-widget_type=\"image.default\">\n\t\t\t\t\t\t\t\t\t\t\t\t\t\t\t<img loading=\"lazy\" decoding=\"async\" width=\"320\" height=\"242\" src=\"https:\/\/sarabenavente.com\/wp-content\/uploads\/anillo-sara-benavente.png\" class=\"attachment-full size-full wp-image-470\" alt=\"removable\" title=\"\">\t\t\t\t\t\t\t\t\t\t\t\t\t\t\t<\/div>\n\t\t\t\t<\/div>\n\t\t<div class=\"elementor-element elementor-element-46b6140f e-con-full e-flex e-con e-child\" data-id=\"46b6140f\" data-element_type=\"container\" data-e-type=\"container\">\n\t\t\t\t<div class=\"elementor-element elementor-element-6b55fa07 elementor-widget elementor-widget-heading\" data-id=\"6b55fa07\" data-element_type=\"widget\" data-e-type=\"widget\" data-widget_type=\"heading.default\">\n\t\t\t\t\t<h4 class=\"elementor-heading-title elementor-size-default\">If you have any questions or would like to schedule an appointment, please do not hesitate to contact us.<\/h4>\t\t\t\t<\/div>\n\t\t\t\t<div class=\"elementor-element elementor-element-8259c4e button-minimal__hover button--icon__left elementor-widget elementor-widget-button\" data-id=\"8259c4e\" data-element_type=\"widget\" data-e-type=\"widget\" data-widget_type=\"button.default\">\n\t\t\t\t\t\t\t\t\t\t<a class=\"elementor-button elementor-button-link elementor-size-sm\" href=\"https:\/\/sarabenavente.com\/en\/contact\/\">\n\t\t\t\t\t\t<span class=\"elementor-button-content-wrapper\">\n\t\t\t\t\t\t<span class=\"elementor-button-icon\">\n\t\t\t\t<svg xmlns=\"http:\/\/www.w3.org\/2000\/svg\" width=\"14\" height=\"14\" viewbox=\"0 0 14 14\"><path d=\"M.583,5.833H13.417v7.583H.583ZM10.5,2.917V1.75h2.917v3.5H.583V1.75H3.5V2.917h.584V1.75H9.917V2.917ZM9.917,0V1.167H4.083V0H3.5V1.167H0V14H14V1.167H10.5V0Z\" fill=\"#1c181c\"><\/path><\/svg>\t\t\t<\/span>\n\t\t\t\t\t\t\t\t\t<span class=\"elementor-button-text\">CONTACT<\/span>\n\t\t\t\t\t<\/span>\n\t\t\t\t\t<\/a>\n\t\t\t\t\t\t\t\t<\/div>\n\t\t\t\t<\/div>\n\t\t\t\t<\/div>\n\t\t<div class=\"elementor-element elementor-element-73f04a4 e-con-m e-flex e-con-boxed e-con e-parent\" data-id=\"73f04a4\" data-element_type=\"container\" data-e-type=\"container\" data-settings=\"{&quot;background_background&quot;:&quot;classic&quot;}\">\n\t\t\t\t\t<div class=\"e-con-inner\">\n\t\t\t\t<div class=\"elementor-element elementor-element-426d6921 elementor-widget__width-initial elementor-widget-tablet__width-initial elementor-widget elementor-widget-heading\" data-id=\"426d6921\" data-element_type=\"widget\" data-e-type=\"widget\" data-widget_type=\"heading.default\">\n\t\t\t\t\t<p class=\"elementor-heading-title elementor-size-default\">\"&quot;Preserving the charm of bygone eras, renewing its beauty with delicacy and artisanal perfection.&quot;\"<\/p>\t\t\t\t<\/div>\n\t\t\t\t\t<\/div>\n\t\t\t\t<\/div>\n\t\t\t\t<\/div>","protected":false},"excerpt":{"rendered":"<p>Tasaci\u00f3n de Joyas en Madrid Contamos con una amplia red de expertos en valoraci\u00f3n y peritaje de joyas. REALIZAR UNA CONSULTA Tasaci\u00f3n de joyas y catalogaci\u00f3n Analizamos las joyas para determinar sus caracter\u00edsticas t\u00e9cnicas, gemol\u00f3gicas e hist\u00f3ricas. En Sara Benavente realizamos una toma de datos exhaustiva de las joyas, aquilatando y midiendo las gemas, estableciendo [&hellip;]<\/p>\n","protected":false},"author":7,"featured_media":0,"parent":0,"menu_order":0,"comment_status":"closed","ping_status":"closed","template":"","meta":{"footnotes":""},"class_list":["post-298","page","type-page","status-publish","hentry"],"_links":{"self":[{"href":"https:\/\/sarabenavente.com\/en\/wp-json\/wp\/v2\/pages\/298","targetHints":{"allow":["GET"]}}],"collection":[{"href":"https:\/\/sarabenavente.com\/en\/wp-json\/wp\/v2\/pages"}],"about":[{"href":"https:\/\/sarabenavente.com\/en\/wp-json\/wp\/v2\/types\/page"}],"author":[{"embeddable":true,"href":"https:\/\/sarabenavente.com\/en\/wp-json\/wp\/v2\/users\/7"}],"replies":[{"embeddable":true,"href":"https:\/\/sarabenavente.com\/en\/wp-json\/wp\/v2\/comments?post=298"}],"version-history":[{"count":0,"href":"https:\/\/sarabenavente.com\/en\/wp-json\/wp\/v2\/pages\/298\/revisions"}],"wp:attachment":[{"href":"https:\/\/sarabenavente.com\/en\/wp-json\/wp\/v2\/media?parent=298"}],"curies":[{"name":"wp","href":"https:\/\/api.w.org\/{rel}","templated":true}]}}